{"id":1100,"date":"2023-07-23T12:45:41","date_gmt":"2023-07-23T10:45:41","guid":{"rendered":"https:\/\/soelden.goldschmied.taxi\/?page_id=1100"},"modified":"2023-12-28T23:41:37","modified_gmt":"2023-12-28T22:41:37","slug":"faqs","status":"publish","type":"page","link":"https:\/\/soelden.goldschmied.taxi\/de\/faqs\/","title":{"rendered":"Faq&#8217;s"},"content":{"rendered":"<section class=\"wpb-content-wrapper\"><div class=\"wpdl-notice-wrap\"><\/div>\n<h1>FAQs<\/h1>\n<div class=\"vc_row wpb_row vc_row-fluid\"><div class=\"wpb_column vc_column_container vc_col-sm-12\"><div class=\"vc_column-inner\"><div class=\"wpb_wrapper\"><div class=\"vc_tta-container\" data-vc-action=\"collapse\"><div class=\"vc_general vc_tta vc_tta-accordion vc_tta-color-grey vc_tta-style-classic vc_tta-shape-rounded vc_tta-o-shape-group vc_tta-controls-align-left\"><div class=\"vc_tta-panels-container\"><div class=\"vc_tta-panels\"><div class=\"vc_tta-panel vc_active\" id=\"1690109675182-3e5e2599-9298\" data-vc-content=\".vc_tta-panel-body\"><div class=\"vc_tta-panel-heading\"><h4 class=\"vc_tta-panel-title vc_tta-controls-icon-position-left\"><a href=\"#1690109675182-3e5e2599-9298\" data-vc-accordion data-vc-container=\".vc_tta-container\"><span class=\"vc_tta-title-text\">Was kann ich tun, falls ich nicht abgeholt werde?<\/span><i class=\"vc_tta-controls-icon vc_tta-controls-icon-plus\"><\/i><\/a><\/h4><\/div><div class=\"vc_tta-panel-body\">\n\t<div class=\"wpb_text_column wpb_content_element\" >\n\t\t<div class=\"wpb_wrapper\">\n\t\t\t<p>Falls dieser \u00e4u\u00dferst ungew\u00f6hnliche Fall eintreten sollte, bitten wir Sie h\u00f6flich, uns telefonisch zu informieren. Seien Sie versichert, dass wir uns darum bem\u00fchen werden, Ihr Problem so schnell wie m\u00f6glich zu l\u00f6sen.<\/p>\n\n\t\t<\/div>\n\t<\/div>\n<\/div><\/div><div class=\"vc_tta-panel\" id=\"1690109782942-a7013724-d826\" data-vc-content=\".vc_tta-panel-body\"><div class=\"vc_tta-panel-heading\"><h4 class=\"vc_tta-panel-title vc_tta-controls-icon-position-left\"><a href=\"#1690109782942-a7013724-d826\" data-vc-accordion data-vc-container=\".vc_tta-container\"><span class=\"vc_tta-title-text\">Wie finde ich meinen Fahrer?<\/span><i class=\"vc_tta-controls-icon vc_tta-controls-icon-plus\"><\/i><\/a><\/h4><\/div><div class=\"vc_tta-panel-body\">\n\t<div class=\"wpb_text_column wpb_content_element\" >\n\t\t<div class=\"wpb_wrapper\">\n\t\t\t<p>Ihr Fahrer erwartet Sie im Ankunftsbereich des Flughafens und wird ein Schild mit Ihrem Namen tragen. Wenn Sie von Ihrem Hotel abgeholt werden m\u00f6chten, wird Ihr Fahrer Sie an der Hotelrezeption abrufen.<\/p>\n\n\t\t<\/div>\n\t<\/div>\n<\/div><\/div><div class=\"vc_tta-panel\" id=\"1690109675183-18322db9-23a5\" data-vc-content=\".vc_tta-panel-body\"><div class=\"vc_tta-panel-heading\"><h4 class=\"vc_tta-panel-title vc_tta-controls-icon-position-left\"><a href=\"#1690109675183-18322db9-23a5\" data-vc-accordion data-vc-container=\".vc_tta-container\"><span class=\"vc_tta-title-text\">Muss ich bei der Buchung eine Kreditkarte angeben?<\/span><i class=\"vc_tta-controls-icon vc_tta-controls-icon-plus\"><\/i><\/a><\/h4><\/div><div class=\"vc_tta-panel-body\">\n\t<div class=\"wpb_text_column wpb_content_element\" >\n\t\t<div class=\"wpb_wrapper\">\n\t\t\t<p>Eine Kreditkarte ist bei der Buchung unserer Angebote nicht erforderlich. Bitte zahlen Sie dem Fahrer in bar oder mit Kreditkarte, wenn Sie Ihre Reise beginnen.<\/p>\n\n\t\t<\/div>\n\t<\/div>\n<\/div><\/div><div class=\"vc_tta-panel\" id=\"1690109847624-a014b3a2-44e9\" data-vc-content=\".vc_tta-panel-body\"><div class=\"vc_tta-panel-heading\"><h4 class=\"vc_tta-panel-title vc_tta-controls-icon-position-left\"><a href=\"#1690109847624-a014b3a2-44e9\" data-vc-accordion data-vc-container=\".vc_tta-container\"><span class=\"vc_tta-title-text\">Wie kann ich meinen Transfer buchen?<\/span><i class=\"vc_tta-controls-icon vc_tta-controls-icon-plus\"><\/i><\/a><\/h4><\/div><div class=\"vc_tta-panel-body\">\n\t<div class=\"wpb_text_column wpb_content_element\" >\n\t\t<div class=\"wpb_wrapper\">\n\t\t\t<p>Einen Transfer zu buchen ist sehr einfach. Sie k\u00f6nnen entweder unseren Online-Buchungsservice nutzen oder die 24-Stunden-Telefonhotline anrufen, um Ihren Transfer zu buchen.<\/p>\n\n\t\t<\/div>\n\t<\/div>\n<\/div><\/div><\/div><\/div><\/div><\/div><\/div><\/div><\/div><\/div>\n<\/section>","protected":false},"excerpt":{"rendered":"<p>FAQs<\/p>","protected":false},"author":1,"featured_media":0,"parent":0,"menu_order":0,"comment_status":"closed","ping_status":"closed","template":"","meta":{"footnotes":""},"class_list":["post-1100","page","type-page","status-publish","hentry"],"yoast_head":"<!-- This site is optimized with the Yoast SEO Premium plugin v21.7 (Yoast SEO v21.7) - https:\/\/yoast.com\/wordpress\/plugins\/seo\/ -->\n<title>Faq&#039;s | Taxi S\u00f6lden | Ihr zuverl\u00e4ssiger Transfer in S\u00f6lden und Umgebung<\/title>\n<meta name=\"description\" content=\"Taxi S\u00f6lden\" \/>\n<meta name=\"robots\" content=\"index, follow, max-snippet:-1, max-image-preview:large, max-video-preview:-1\" \/>\n<link rel=\"canonical\" href=\"https:\/\/soelden.goldschmied.taxi\/de\/faqs\/\" \/>\n<meta property=\"og:locale\" content=\"de_DE\" \/>\n<meta property=\"og:type\" content=\"article\" \/>\n<meta property=\"og:title\" content=\"Faq&#039;s\" \/>\n<meta property=\"og:description\" content=\"Taxi S\u00f6lden\" \/>\n<meta property=\"og:url\" content=\"https:\/\/soelden.goldschmied.taxi\/de\/faqs\/\" \/>\n<meta property=\"og:site_name\" content=\"Taxi S\u00f6lden | Ihr zuverl\u00e4ssiger Transfer in S\u00f6lden und Umgebung\" \/>\n<meta property=\"article:modified_time\" content=\"2023-12-28T22:41:37+00:00\" \/>\n<meta property=\"og:image\" content=\"https:\/\/soelden.goldschmied.taxi\/wp-content\/uploads\/2023\/10\/google.jpg\" \/>\n\t<meta property=\"og:image:width\" content=\"468\" \/>\n\t<meta property=\"og:image:height\" content=\"254\" \/>\n\t<meta property=\"og:image:type\" content=\"image\/jpeg\" \/>\n<meta name=\"twitter:card\" content=\"summary_large_image\" \/>\n<meta name=\"twitter:label1\" content=\"Gesch\u00e4tzte Lesezeit\" \/>\n\t<meta name=\"twitter:data1\" content=\"1\u00a0Minute\" \/>\n<script type=\"application\/ld+json\" class=\"yoast-schema-graph\">{\"@context\":\"https:\/\/schema.org\",\"@graph\":[{\"@type\":\"WebPage\",\"@id\":\"https:\/\/soelden.goldschmied.taxi\/faqs\/\",\"url\":\"https:\/\/soelden.goldschmied.taxi\/faqs\/\",\"name\":\"Faq's | Taxi S\u00f6lden | Ihr zuverl\u00e4ssiger Transfer in S\u00f6lden und Umgebung\",\"isPartOf\":{\"@id\":\"https:\/\/soelden.goldschmied.taxi\/#website\"},\"datePublished\":\"2023-07-23T10:45:41+00:00\",\"dateModified\":\"2023-12-28T22:41:37+00:00\",\"description\":\"Taxi S\u00f6lden\",\"breadcrumb\":{\"@id\":\"https:\/\/soelden.goldschmied.taxi\/faqs\/#breadcrumb\"},\"inLanguage\":\"de\",\"potentialAction\":[{\"@type\":\"ReadAction\",\"target\":[\"https:\/\/soelden.goldschmied.taxi\/faqs\/\"]}]},{\"@type\":\"BreadcrumbList\",\"@id\":\"https:\/\/soelden.goldschmied.taxi\/faqs\/#breadcrumb\",\"itemListElement\":[{\"@type\":\"ListItem\",\"position\":1,\"name\":\"Startseite\",\"item\":\"https:\/\/soelden.goldschmied.taxi\/\"},{\"@type\":\"ListItem\",\"position\":2,\"name\":\"Faq&#8217;s\"}]},{\"@type\":\"WebSite\",\"@id\":\"https:\/\/soelden.goldschmied.taxi\/#website\",\"url\":\"https:\/\/soelden.goldschmied.taxi\/\",\"name\":\"Taxi S\u00f6lden | Ihr zuverl\u00e4ssiger Transfer in S\u00f6lden und Umgebung\",\"description\":\"Fast and Reliable Transportation\",\"publisher\":{\"@id\":\"https:\/\/soelden.goldschmied.taxi\/#organization\"},\"potentialAction\":[{\"@type\":\"SearchAction\",\"target\":{\"@type\":\"EntryPoint\",\"urlTemplate\":\"https:\/\/soelden.goldschmied.taxi\/?s={search_term_string}\"},\"query-input\":\"required name=search_term_string\"}],\"inLanguage\":\"de\"},{\"@type\":\"Organization\",\"@id\":\"https:\/\/soelden.goldschmied.taxi\/#organization\",\"name\":\"Taxi S\u00f6lden\",\"alternateName\":\"Taxi S\u00f6lden\",\"url\":\"https:\/\/soelden.goldschmied.taxi\/\",\"logo\":{\"@type\":\"ImageObject\",\"inLanguage\":\"de\",\"@id\":\"https:\/\/soelden.goldschmied.taxi\/#\/schema\/logo\/image\/\",\"url\":\"https:\/\/soelden.goldschmied.taxi\/wp-content\/uploads\/2023\/10\/slide1-2.jpg\",\"contentUrl\":\"https:\/\/soelden.goldschmied.taxi\/wp-content\/uploads\/2023\/10\/slide1-2.jpg\",\"width\":2048,\"height\":1387,\"caption\":\"Taxi S\u00f6lden\"},\"image\":{\"@id\":\"https:\/\/soelden.goldschmied.taxi\/#\/schema\/logo\/image\/\"}}]}<\/script>\n<!-- \/ Yoast SEO Premium plugin. -->","yoast_head_json":{"title":"Faq's | Taxi S\u00f6lden | Ihr zuverl\u00e4ssiger Transfer in S\u00f6lden und Umgebung","description":"Taxi S\u00f6lden","robots":{"index":"index","follow":"follow","max-snippet":"max-snippet:-1","max-image-preview":"max-image-preview:large","max-video-preview":"max-video-preview:-1"},"canonical":"https:\/\/soelden.goldschmied.taxi\/de\/faqs\/","og_locale":"de_DE","og_type":"article","og_title":"Faq's","og_description":"Taxi S\u00f6lden","og_url":"https:\/\/soelden.goldschmied.taxi\/de\/faqs\/","og_site_name":"Taxi S\u00f6lden | Ihr zuverl\u00e4ssiger Transfer in S\u00f6lden und Umgebung","article_modified_time":"2023-12-28T22:41:37+00:00","og_image":[{"width":468,"height":254,"url":"https:\/\/soelden.goldschmied.taxi\/wp-content\/uploads\/2023\/10\/google.jpg","type":"image\/jpeg"}],"twitter_card":"summary_large_image","twitter_misc":{"Gesch\u00e4tzte Lesezeit":"1\u00a0Minute"},"schema":{"@context":"https:\/\/schema.org","@graph":[{"@type":"WebPage","@id":"https:\/\/soelden.goldschmied.taxi\/faqs\/","url":"https:\/\/soelden.goldschmied.taxi\/faqs\/","name":"Faq's | Taxi S\u00f6lden | Ihr zuverl\u00e4ssiger Transfer in S\u00f6lden und Umgebung","isPartOf":{"@id":"https:\/\/soelden.goldschmied.taxi\/#website"},"datePublished":"2023-07-23T10:45:41+00:00","dateModified":"2023-12-28T22:41:37+00:00","description":"Taxi S\u00f6lden","breadcrumb":{"@id":"https:\/\/soelden.goldschmied.taxi\/faqs\/#breadcrumb"},"inLanguage":"de","potentialAction":[{"@type":"ReadAction","target":["https:\/\/soelden.goldschmied.taxi\/faqs\/"]}]},{"@type":"BreadcrumbList","@id":"https:\/\/soelden.goldschmied.taxi\/faqs\/#breadcrumb","itemListElement":[{"@type":"ListItem","position":1,"name":"Startseite","item":"https:\/\/soelden.goldschmied.taxi\/"},{"@type":"ListItem","position":2,"name":"Faq&#8217;s"}]},{"@type":"WebSite","@id":"https:\/\/soelden.goldschmied.taxi\/#website","url":"https:\/\/soelden.goldschmied.taxi\/","name":"Taxi S\u00f6lden | Ihr zuverl\u00e4ssiger Transfer in S\u00f6lden und Umgebung","description":"Fast and Reliable Transportation","publisher":{"@id":"https:\/\/soelden.goldschmied.taxi\/#organization"},"potentialAction":[{"@type":"SearchAction","target":{"@type":"EntryPoint","urlTemplate":"https:\/\/soelden.goldschmied.taxi\/?s={search_term_string}"},"query-input":"required name=search_term_string"}],"inLanguage":"de"},{"@type":"Organization","@id":"https:\/\/soelden.goldschmied.taxi\/#organization","name":"Taxi S\u00f6lden","alternateName":"Taxi S\u00f6lden","url":"https:\/\/soelden.goldschmied.taxi\/","logo":{"@type":"ImageObject","inLanguage":"de","@id":"https:\/\/soelden.goldschmied.taxi\/#\/schema\/logo\/image\/","url":"https:\/\/soelden.goldschmied.taxi\/wp-content\/uploads\/2023\/10\/slide1-2.jpg","contentUrl":"https:\/\/soelden.goldschmied.taxi\/wp-content\/uploads\/2023\/10\/slide1-2.jpg","width":2048,"height":1387,"caption":"Taxi S\u00f6lden"},"image":{"@id":"https:\/\/soelden.goldschmied.taxi\/#\/schema\/logo\/image\/"}}]}},"_links":{"self":[{"href":"https:\/\/soelden.goldschmied.taxi\/de\/wp-json\/wp\/v2\/pages\/1100","targetHints":{"allow":["GET"]}}],"collection":[{"href":"https:\/\/soelden.goldschmied.taxi\/de\/wp-json\/wp\/v2\/pages"}],"about":[{"href":"https:\/\/soelden.goldschmied.taxi\/de\/wp-json\/wp\/v2\/types\/page"}],"author":[{"embeddable":true,"href":"https:\/\/soelden.goldschmied.taxi\/de\/wp-json\/wp\/v2\/users\/1"}],"replies":[{"embeddable":true,"href":"https:\/\/soelden.goldschmied.taxi\/de\/wp-json\/wp\/v2\/comments?post=1100"}],"version-history":[{"count":6,"href":"https:\/\/soelden.goldschmied.taxi\/de\/wp-json\/wp\/v2\/pages\/1100\/revisions"}],"predecessor-version":[{"id":1472,"href":"https:\/\/soelden.goldschmied.taxi\/de\/wp-json\/wp\/v2\/pages\/1100\/revisions\/1472"}],"wp:attachment":[{"href":"https:\/\/soelden.goldschmied.taxi\/de\/wp-json\/wp\/v2\/media?parent=1100"}],"curies":[{"name":"wp","href":"https:\/\/api.w.org\/{rel}","templated":true}]}}